{"id":14,"date":"2020-10-20T15:47:32","date_gmt":"2020-10-20T15:47:32","guid":{"rendered":"https:\/\/startertemplatecloud.com\/e03\/?page_id=14"},"modified":"2022-09-27T19:22:02","modified_gmt":"2022-09-27T19:22:02","slug":"course","status":"publish","type":"page","link":"https:\/\/primeconsultinggroup.pl\/?page_id=14","title":{"rendered":"Course"},"content":{"rendered":"\t\t<div data-elementor-type=\"wp-page\" data-elementor-id=\"14\" class=\"elementor elementor-14\">\n\t\t\t\t\t\t<section class=\"elementor-section elementor-top-section elementor-element elementor-element-428caf9e elementor-section-boxed elementor-section-height-default elementor-section-height-default\" data-id=\"428caf9e\" data-element_type=\"section\" data-e-type=\"section\" data-settings=\"{&quot;background_background&quot;:&quot;classic&quot;,&quot;shape_divider_top&quot;:&quot;tilt&quot;,&quot;shape_divider_bottom&quot;:&quot;tilt&quot;}\">\n\t\t\t\t\t<div class=\"elementor-shape elementor-shape-top\" aria-hidden=\"true\" data-negative=\"false\">\n\t\t\t<svg xmlns=\"http:\/\/www.w3.org\/2000\/svg\" viewBox=\"0 0 1000 100\" preserveAspectRatio=\"none\">\n\t<path class=\"elementor-shape-fill\" d=\"M0,6V0h1000v100L0,6z\"\/>\n<\/svg>\t\t<\/div>\n\t\t\t\t<div class=\"elementor-shape elementor-shape-bottom\" aria-hidden=\"true\" data-negative=\"false\">\n\t\t\t<svg xmlns=\"http:\/\/www.w3.org\/2000\/svg\" viewBox=\"0 0 1000 100\" preserveAspectRatio=\"none\">\n\t<path class=\"elementor-shape-fill\" d=\"M0,6V0h1000v100L0,6z\"\/>\n<\/svg>\t\t<\/div>\n\t\t\t\t\t<div class=\"elementor-container elementor-column-gap-default\">\n\t\t\t\t\t<div class=\"elementor-column elementor-col-100 elementor-top-column elementor-element elementor-element-63d3dcbf\" data-id=\"63d3dcbf\" data-element_type=\"column\" data-e-type=\"column\">\n\t\t\t<div class=\"elementor-widget-wrap elementor-element-populated\">\n\t\t\t\t\t\t<div class=\"elementor-element elementor-element-a7a1f7c elementor-widget elementor-widget-image\" data-id=\"a7a1f7c\" data-element_type=\"widget\" data-e-type=\"widget\" data-widget_type=\"image.default\">\n\t\t\t\t<div class=\"elementor-widget-container\">\n\t\t\t\t\t\t\t\t\t\t\t\t\t\t\t<img fetchpriority=\"high\" decoding=\"async\" width=\"724\" height=\"1024\" src=\"https:\/\/i0.wp.com\/primeconsultinggroup.pl\/wp-content\/uploads\/2022\/09\/Kopia-Kopia-Ingoude-Company-1.jpg?fit=724%2C1024\" class=\"attachment-large size-large wp-image-902\" alt=\"\" srcset=\"https:\/\/i0.wp.com\/primeconsultinggroup.pl\/wp-content\/uploads\/2022\/09\/Kopia-Kopia-Ingoude-Company-1.jpg?w=1414 1414w, https:\/\/i0.wp.com\/primeconsultinggroup.pl\/wp-content\/uploads\/2022\/09\/Kopia-Kopia-Ingoude-Company-1.jpg?resize=212%2C300 212w, https:\/\/i0.wp.com\/primeconsultinggroup.pl\/wp-content\/uploads\/2022\/09\/Kopia-Kopia-Ingoude-Company-1.jpg?resize=724%2C1024 724w, https:\/\/i0.wp.com\/primeconsultinggroup.pl\/wp-content\/uploads\/2022\/09\/Kopia-Kopia-Ingoude-Company-1.jpg?resize=768%2C1086 768w, https:\/\/i0.wp.com\/primeconsultinggroup.pl\/wp-content\/uploads\/2022\/09\/Kopia-Kopia-Ingoude-Company-1.jpg?resize=1086%2C1536 1086w\" sizes=\"(max-width: 724px) 100vw, 724px\" \/>\t\t\t\t\t\t\t\t\t\t\t\t\t\t\t<\/div>\n\t\t\t\t<\/div>\n\t\t\t\t\t<\/div>\n\t\t<\/div>\n\t\t\t\t\t<\/div>\n\t\t<\/section>\n\t\t\t\t<section class=\"elementor-section elementor-top-section elementor-element elementor-element-4b449ba elementor-section-boxed elementor-section-height-default elementor-section-height-default\" data-id=\"4b449ba\" data-element_type=\"section\" data-e-type=\"section\" data-settings=\"{&quot;background_background&quot;:&quot;classic&quot;,&quot;shape_divider_top&quot;:&quot;tilt&quot;}\">\n\t\t\t\t\t<div class=\"elementor-shape elementor-shape-top\" aria-hidden=\"true\" data-negative=\"false\">\n\t\t\t<svg xmlns=\"http:\/\/www.w3.org\/2000\/svg\" viewBox=\"0 0 1000 100\" preserveAspectRatio=\"none\">\n\t<path class=\"elementor-shape-fill\" d=\"M0,6V0h1000v100L0,6z\"\/>\n<\/svg>\t\t<\/div>\n\t\t\t\t\t<div class=\"elementor-container elementor-column-gap-default\">\n\t\t\t\t\t<div class=\"elementor-column elementor-col-100 elementor-top-column elementor-element elementor-element-b4b5e24\" data-id=\"b4b5e24\" data-element_type=\"column\" data-e-type=\"column\">\n\t\t\t<div class=\"elementor-widget-wrap elementor-element-populated\">\n\t\t\t\t\t\t<div class=\"elementor-element elementor-element-a8d332a elementor-widget elementor-widget-heading\" data-id=\"a8d332a\" data-element_type=\"widget\" data-e-type=\"widget\" data-widget_type=\"heading.default\">\n\t\t\t\t<div class=\"elementor-widget-container\">\n\t\t\t\t\t<h2 class=\"elementor-heading-title elementor-size-default\">Jeste\u015b zainteresowany bezp\u0142atn\u0105 konsultacj\u0105 w zakresie doradztwa gospodarczego? <\/h2>\t\t\t\t<\/div>\n\t\t\t\t<\/div>\n\t\t\t\t<div class=\"elementor-element elementor-element-7f5fc2d elementor-align-center elementor-widget elementor-widget-button\" data-id=\"7f5fc2d\" data-element_type=\"widget\" data-e-type=\"widget\" data-widget_type=\"button.default\">\n\t\t\t\t<div class=\"elementor-widget-container\">\n\t\t\t\t\t\t\t\t\t<div class=\"elementor-button-wrapper\">\n\t\t\t\t\t<a class=\"elementor-button elementor-button-link elementor-size-sm\" href=\"\">\n\t\t\t\t\t\t<span class=\"elementor-button-content-wrapper\">\n\t\t\t\t\t\t\t\t\t<span class=\"elementor-button-text\">Skontaktuj si\u0119 z nami <\/span>\n\t\t\t\t\t<\/span>\n\t\t\t\t\t<\/a>\n\t\t\t\t<\/div>\n\t\t\t\t\t\t\t\t<\/div>\n\t\t\t\t<\/div>\n\t\t\t\t\t<\/div>\n\t\t<\/div>\n\t\t\t\t\t<\/div>\n\t\t<\/section>\n\t\t\t\t<\/div>\n\t\t","protected":false},"excerpt":{"rendered":"<p>Jeste\u015b zainteresowany bezp\u0142atn\u0105 konsultacj\u0105 w zakresie doradztwa gospodarczego? Skontaktuj si\u0119 z nami<\/p>\n","protected":false},"author":1,"featured_media":0,"parent":0,"menu_order":0,"comment_status":"closed","ping_status":"closed","template":"","meta":{"_kadence_starter_templates_imported_post":true,"_kad_post_transparent":"","_kad_post_title":"hide","_kad_post_layout":"fullwidth","_kad_post_sidebar_id":"","_kad_post_content_style":"unboxed","_kad_post_vertical_padding":"hide","_kad_post_feature":"hide","_kad_post_feature_position":"","_kad_post_header":false,"_kad_post_footer":false,"footnotes":""},"class_list":["post-14","page","type-page","status-publish","hentry"],"jetpack-related-posts":[{"id":722,"url":"https:\/\/primeconsultinggroup.pl\/?page_id=722","url_meta":{"origin":14,"position":0},"title":"About","date":"October 20, 2020","format":false,"excerpt":"Um\u00f3w si\u0119 na bezp\u0142atn\u0105 konsulatacj\u0119 w zakresie us\u0142ugi rekrutacji Oszcz\u0119d\u017a sw\u00f3j czas i zostaw temat rekrutacji naszym specjalistom\u00a0 Skontaktuj sie z nami","rel":"","context":"Similar post","img":{"alt_text":"","src":"https:\/\/i0.wp.com\/primeconsultinggroup.pl\/wp-content\/uploads\/2022\/09\/Kopia-Kopia-Kopia-blue-White-Creative-Business-Marketing-Agency-flyer-1-724x1024.jpg?resize=350%2C200","width":350,"height":200},"classes":[]},{"id":723,"url":"https:\/\/primeconsultinggroup.pl\/?page_id=723","url_meta":{"origin":14,"position":1},"title":"Courses","date":"October 21, 2020","format":false,"excerpt":"Masz potrzeby inwestycyjne w swojej firmie? Zg\u0142o\u015b si\u0119 do nas i um\u00f3w si\u0119 na bezp\u0142atn\u0105 konsultacj\u0119 z doradc\u0105 finansowym z zakresie finansowania Twojej firmy Skontaktuj si\u0119 nami","rel":"","context":"Similar post","img":{"alt_text":"","src":"https:\/\/i0.wp.com\/primeconsultinggroup.pl\/wp-content\/uploads\/2022\/09\/Kopia-blue-White-Creative-Business-Marketing-Agency-flyer-724x1024.jpg?resize=350%2C200","width":350,"height":200},"classes":[]},{"id":919,"url":"https:\/\/primeconsultinggroup.pl\/?page_id=919","url_meta":{"origin":14,"position":2},"title":"Leasing pracowniczy","date":"September 27, 2022","format":false,"excerpt":"Jeste\u015b zainteresowany otrzymaniem oferty leasingu pracowniczego? Um\u00f3w si\u0119 na bezp\u0142atn\u0105 konsultacj\u0119 na kt\u00f3rej przybli\u017cymy Ci wszystkie mo\u017cliwe formy wsparcia w zakresie zatrudnienia. Um\u00f3w si\u0119 na bezp\u0142atn\u0105 konsultacj\u0119","rel":"","context":"Similar post","img":{"alt_text":"","src":"https:\/\/i0.wp.com\/primeconsultinggroup.pl\/wp-content\/uploads\/2022\/09\/blue-White-Creative-Business-Marketing-Agency-flyer-724x1024.jpg?resize=350%2C200","width":350,"height":200},"classes":[]},{"id":13,"url":"https:\/\/primeconsultinggroup.pl\/?page_id=13","url_meta":{"origin":14,"position":3},"title":"Contact","date":"October 20, 2020","format":false,"excerpt":"Skontaktuj si\u0119 z nami Zapraszamy do wype\u0142nienia formularza kontaktowego lub bezpo\u015bredni kontakt telefoniczny b\u0105d\u017a mailowy. Imi\u0119 Nazwisko Nazwa firmy Twoja wiadomo\u015b\u0107 Akceptuj\u0119 polityk\u0119 prywatno\u015bci Wy\u015blij Dane kontaktowe ul. Romana Dmowskiego 7,\u00a0 50-203 Wroc\u0142aw\u00a0tel. +48 792 468 000\u00a0 kontakt@primeconsultinggroup.pl Zapraszamy do kontaktu","rel":"","context":"Similar post","img":{"alt_text":"","src":"","width":0,"height":0},"classes":[]},{"id":1064,"url":"https:\/\/primeconsultinggroup.pl\/?page_id=1064","url_meta":{"origin":14,"position":4},"title":"Untitled Post","date":"June 12, 2025","format":false,"excerpt":"","rel":"","context":"Similar post","img":{"alt_text":"","src":"","width":0,"height":0},"classes":[]},{"id":1131,"url":"https:\/\/primeconsultinggroup.pl\/?page_id=1131","url_meta":{"origin":14,"position":5},"title":"\u017bycie w Szwajcarii a w Niemczech","date":"October 23, 2025","format":false,"excerpt":"","rel":"","context":"Similar post","img":{"alt_text":"","src":"","width":0,"height":0},"classes":[]}],"_links":{"self":[{"href":"https:\/\/primeconsultinggroup.pl\/index.php?rest_route=\/wp\/v2\/pages\/14","targetHints":{"allow":["GET"]}}],"collection":[{"href":"https:\/\/primeconsultinggroup.pl\/index.php?rest_route=\/wp\/v2\/pages"}],"about":[{"href":"https:\/\/primeconsultinggroup.pl\/index.php?rest_route=\/wp\/v2\/types\/page"}],"author":[{"embeddable":true,"href":"https:\/\/primeconsultinggroup.pl\/index.php?rest_route=\/wp\/v2\/users\/1"}],"replies":[{"embeddable":true,"href":"https:\/\/primeconsultinggroup.pl\/index.php?rest_route=%2Fwp%2Fv2%2Fcomments&post=14"}],"version-history":[{"count":4,"href":"https:\/\/primeconsultinggroup.pl\/index.php?rest_route=\/wp\/v2\/pages\/14\/revisions"}],"predecessor-version":[{"id":905,"href":"https:\/\/primeconsultinggroup.pl\/index.php?rest_route=\/wp\/v2\/pages\/14\/revisions\/905"}],"wp:attachment":[{"href":"https:\/\/primeconsultinggroup.pl\/index.php?rest_route=%2Fwp%2Fv2%2Fmedia&parent=14"}],"curies":[{"name":"wp","href":"https:\/\/api.w.org\/{rel}","templated":true}]}}